{"id":1053,"date":"2019-11-26T17:19:51","date_gmt":"2019-11-26T16:19:51","guid":{"rendered":"http:\/\/paroisses-vic-bigorre.com\/?page_id=1053"},"modified":"2026-01-13T12:00:26","modified_gmt":"2026-01-13T11:00:26","slug":"st-lezer-eglise-et-prieure","status":"publish","type":"page","link":"https:\/\/paroisses-vic-bigorre.fr\/?page_id=1053","title":{"rendered":"St-L\u00e9zer : \u00e9glise St-Lizier"},"content":{"rendered":"<blockquote>\n<h5><img loading=\"lazy\" decoding=\"async\" class=\"aligncenter\" src=\"https:\/\/upload.wikimedia.org\/wikipedia\/commons\/thumb\/f\/f0\/Blason_de_la_ville_de_Saint_L%C3%A9zer.svg\/545px-Blason_de_la_ville_de_Saint_L%C3%A9zer.svg.png\" alt=\"Fichier:Blason de la ville de Saint L\u00e9zer.svg\" width=\"126\" height=\"139\" \/><\/h5>\n<h5><\/h5>\n<\/blockquote>\n<p style=\"text-align: right;\"><em>426 habitants (2023)<\/em><\/p>\n<p style=\"text-align: justify;\">On sait depuis 1850 (<em>travaux MM Roch, Rosapelly et de Cardailhac<\/em>) qu&rsquo;\u00e0 l&rsquo;\u00e9poque gallo-romaine, un oppidum (<em>agglom\u00e9ration fortifi\u00e9e<\/em>) du nom de Castrum Bigorra occupait le site. Il pourrait s&rsquo;agir de la premi\u00e8re capitale de la Bigorre. A ses\u00a0 pieds s&rsquo;\u00e9tendait le bourg (Vicus en latin qui a donn\u00e9 Vic). Les d\u00e9couvertes arch\u00e9ologiques men\u00e9es notamment par M. Coquerel\u00a0 ont depuis confirm\u00e9 son existence. Le ch\u00e2teau fortifi\u00e9 m\u00e9di\u00e9val pos\u00e9 sur une motte a donn\u00e9 son nom au site : le Castelvielh (<em>ch\u00e2teau vieux en gascon)<\/em>.<\/p>\n<p style=\"text-align: justify;\">A \u00a0la fin du VIe si\u00e8cle un monast\u00e8re est fond\u00e9, d\u00e9di\u00e9 \u00e0 saint F\u00e9lix et saint Lizier (d\u00e9form\u00e9\u00a0 en Saint L\u00e9zer).\u00a0 Il \u00e9tait situ\u00e9 \u00e0 flanc de coteau au-dessous du Castelvieh et sous le mur de l&rsquo;ancienne cit\u00e9 gallo-romaine.\u00a0 Le premier monast\u00e8re est d\u00e9truit par les Arabes au VIIIe si\u00e8cle\u00a0 et \u00e0 nouveau au IXe si\u00e8cle par les Vikings.\u00a0 Au d\u00e9but du XIe si\u00e8cle, le monast\u00e8re est r\u00e9tabli et plac\u00e9 sous la tutelle de l&rsquo;abbaye de Cluny (<em>l&rsquo;abb\u00e9 de Cluny dirigeait \u00e0 cette \u00e9poque pr\u00e8s de 1000 monast\u00e8res et prieur\u00e9s<\/em>). L&rsquo;\u00e9glise St-Martin de Vic-Bigorre d\u00e9pendait alors de l&rsquo;abbaye voisine.<\/p>\n<p style=\"text-align: justify;\">En 1789, le monast\u00e8re est ferm\u00e9 et est rachet\u00e9, comme bien national, par Bertrand Barr\u00e8re qui va faire d\u00e9molir l&rsquo;\u00e9glise abbatiale (<em>situ\u00e9e perpendiculairement et au nord l&rsquo;\u00e9glise actuelle <\/em>) et une partie des b\u00e2timents conventuels pour les vendre pierre par pierre. Seul va subsister un b\u00e2timent connu aujourd&rsquo;hui sous le nom de prieur\u00e9 qui fut rachet\u00e9 par la Municipalit\u00e9 en 1823.<\/p>\n<h4 style=\"text-align: center;\"><strong><span style=\"color: #ff6600;\">L&rsquo;\u00e9glise Saint .Lizier<\/span><\/strong><\/h4>\n<h5><img loading=\"lazy\" decoding=\"async\" class=\"size-full wp-image-14011 aligncenter\" src=\"https:\/\/paroisses-vic-bigorre.fr\/wp-content\/uploads\/2024\/06\/St-Lezer.jpg\" alt=\"\" width=\"247\" height=\"204\" srcset=\"https:\/\/paroisses-vic-bigorre.fr\/wp-content\/uploads\/2024\/06\/St-Lezer.jpg 247w, https:\/\/paroisses-vic-bigorre.fr\/wp-content\/uploads\/2024\/06\/St-Lezer-150x124.jpg 150w\" sizes=\"auto, (max-width: 247px) 100vw, 247px\" \/><\/h5>\n<p style=\"text-align: justify;\">Au XIXe si\u00e8cle, L&rsquo;\u00e9glise paroissiale de St-L\u00e9zer (<em>situ\u00e9e \u00e0 droite du cimeti\u00e8re<\/em>) \u00e9tait en tr\u00e8s mauvais \u00e9tat, tant qu&rsquo;il fallut la d\u00e9molir en 1847. Une nouvelle \u00e9glise va alors \u00eatre am\u00e9nag\u00e9e dans le b\u00e2timent du prieur\u00e9 qui servira aussi de presbyt\u00e8re. Un clocher est construit \u00e0 droite du b\u00e2timent. Les travaux furent confi\u00e9s \u00e0 l&rsquo;architecte tarbais J.J. Latour.<\/p>\n<p style=\"text-align: justify;\">Cette \u00e9glise comporte des peintures \u00e0 fresque du peintre tarbais Darr\u00e9\u00a0 et un tr\u00e8s beau retable au centre duquel se trouve un portrait de l&rsquo;\u00e9v\u00eaque de Tarbes Saint Lizier.\u00a0 On y acc\u00e8de par une rue qui longe un mur m\u00e9di\u00e9val dans lequel est ins\u00e9r\u00e9 un ancien puits. Un escalier permet d&rsquo;acc\u00e9der au site o\u00f9 \u00e9tait autrefois\u00a0 le monast\u00e8re. Un petit mus\u00e9e est install\u00e9 dans l&rsquo;ancien presbyt\u00e8re regroupant des d\u00e9couvertes arch\u00e9ologiques faites sur le site.<\/p>\n<div id=\"attachment_13949\" style=\"width: 310px\" class=\"wp-caption aligncenter\"><img loading=\"lazy\" decoding=\"async\" aria-describedby=\"caption-attachment-13949\" class=\"wp-image-13949 size-medium\" src=\"https:\/\/paroisses-vic-bigorre.fr\/wp-content\/uploads\/2024\/06\/St-Lezer-prieure-300x224.jpg\" alt=\"\" width=\"300\" height=\"224\" srcset=\"https:\/\/paroisses-vic-bigorre.fr\/wp-content\/uploads\/2024\/06\/St-Lezer-prieure-300x224.jpg 300w, https:\/\/paroisses-vic-bigorre.fr\/wp-content\/uploads\/2024\/06\/St-Lezer-prieure-768x573.jpg 768w, https:\/\/paroisses-vic-bigorre.fr\/wp-content\/uploads\/2024\/06\/St-Lezer-prieure-150x112.jpg 150w, https:\/\/paroisses-vic-bigorre.fr\/wp-content\/uploads\/2024\/06\/St-Lezer-prieure-375x280.jpg 375w, https:\/\/paroisses-vic-bigorre.fr\/wp-content\/uploads\/2024\/06\/St-Lezer-prieure.jpg 816w\" sizes=\"auto, (max-width: 300px) 100vw, 300px\" \/><p id=\"caption-attachment-13949\" class=\"wp-caption-text\">Le prieur\u00e9<\/p><\/div>\n<p style=\"text-align: center;\"><a href=\"http:\/\/patrimoine.loucrup65.fr\/saintlezer.htm\" target=\"_blank\" rel=\"noopener noreferrer\"><span style=\"text-decoration: underline;\">en savoir plus sur le village<\/span><\/a><\/p>\n<p style=\"text-align: center;\"><a href=\"http:\/\/lieux.loucrup65.fr\/sentiersaintlezer.htm\" target=\"_blank\" rel=\"noopener noreferrer\"><span style=\"text-decoration: underline;\">en savoir plus sur le site arch\u00e9ologique<\/span><\/a><\/p>\n<p style=\"text-align: center;\"><img loading=\"lazy\" decoding=\"async\" class=\"alignnone size-full wp-image-1059\" src=\"http:\/\/paroisses-vic-bigorre.com\/wp-content\/uploads\/2019\/11\/Blason-St-Lezer.png\" alt=\"\" width=\"100\" height=\"110\" \/><\/p>\n<h4><span style=\"text-decoration: underline; color: #339966;\">Saint-Lizier (ou Saint-Lezer)<\/span><\/h4>\n<p style=\"text-align: justify;\">N\u00e9 en Espagne \u00e0 Lerida et disciple de saint Fauste de Riez, \u00e9v\u00eaque dans le dioc\u00e8se de Pamiers dans le sud de la France, il nous est connu par sa pr\u00e9sence au concile d&rsquo;Agde en 506 que pr\u00e9sidait saint C\u00e9saire d&rsquo;Arles. Plusieurs localit\u00e9s se sont plac\u00e9es sous son patronage: Saint Lizier (09) et Saint Lizier du Plante (32)<br \/>\nDurant toute la premi\u00e8re moiti\u00e9 du VIe si\u00e8cle, Saint Lizier fut \u00e9v\u00eaque de Tarbes. Originaire du nord de l&rsquo;Espagne (sans doute de L\u00e9rida), il a \u00e9t\u00e9 brillamment instruit par son p\u00e8re, tant humainement que chr\u00e9tiennement. Dans la fleur de l&rsquo;\u00e2ge, il quitta sa famille et son pays. Apr\u00e8s avoir pass\u00e9 quelques ann\u00e9es sous la direction de l&rsquo;\u00e9v\u00eaque de Tarbes, il vint se pr\u00e9senter \u00e0 l&rsquo;\u00e9cole si renomm\u00e9e de saint Quintien, \u00e9v\u00eaque de Rodez qui l&rsquo;\u00e9leva au sacerdoce.<br \/>\nLa saintet\u00e9 de sa vie lui permit d&rsquo;\u00eatre d\u00e9sign\u00e9 par les fid\u00e8les et le clerg\u00e9 de Couserans pour devenir leur \u00e9v\u00eaque. Or, le si\u00e8ge de Tarbes, devenu vacant peu apr\u00e8s l&rsquo;an 506, resta sans titulaire jusqu&rsquo;\u00e0 l&rsquo;av\u00e8nement de Julien, en 541. Il y eut donc une vacance tr\u00e8s prolong\u00e9e; la g\u00e9rance en fut confi\u00e9e \u00e0 l&rsquo;\u00e9v\u00eaque du petit dioc\u00e8se voisin de Couserans, si bien que saint Lizier est appel\u00e9 dans les plus anciens br\u00e9viaires, tant\u00f4t \u00e9v\u00eaque de Tarbes &#8211; et il y est honor\u00e9 \u00e0 ce titre -, tant\u00f4t \u00e9v\u00eaque de Couserans, o\u00f9 il mourut apr\u00e8s un \u00e9piscopat de quarante ans.<br \/>\nOn lui attribue la fondation d&rsquo;un monast\u00e8re pr\u00e8s de Vic qui prit par la suite son nom, \u00e9galement donn\u00e9 \u00e0 la ville de Couserans. L&rsquo;invocation de saint Lizier, avec celle de saint Misselin, aurait permis de repousser, en 844, une invasion de Vikings qui venaient piller la contr\u00e9e. Il est le Saint patron de Izaux, Nouilhan et Saint-L\u00e9zer.\u00a0\u00bb (dioc\u00e8se de Tarbes et Lourdes)<\/p>\n<p style=\"text-align: justify;\">\u00ab\u00a0De nationalit\u00e9 Lusitanienne, issu d&rsquo;une famille noble, Lizier fit ses \u00e9tudes sous la f\u00e9rule de son p\u00e8re, professeur de rh\u00e9torique. M\u00e9prisant les s\u00e9ductions du monde, s&rsquo;attachant au Christ seul, il quitte sa patrie, vint \u00e0 Tarbes et confia au c\u00e9l\u00e8bre \u00e9v\u00eaque Fauste sa propre \u00e9ducation. Il partit ensuite chez Quitien, \u00e9v\u00eaque de Rodez. Il est ordonn\u00e9 sous diacre, diacre et pr\u00eatre. L&rsquo;enthousiasme des habitants est grand quand il fut nomm\u00e9 \u00e9v\u00eaque de l&rsquo;\u00c9glise du Couserans. Le renom de sa saintet\u00e9 exceptionnelle alla bien au-del\u00e0 de son \u00c9glise.<br \/>\nLizier adresse ses supplications \u00e0 Dieu lors du si\u00e8ge par les Goth qui avaient \u00e0 leur t\u00eate Ricosinde. Ce dernier vit en songe l&rsquo;\u00e9v\u00eaque Lizier le mena\u00e7ant de mort et leva le camp terrifi\u00e9.<br \/>\nLizier montra une grande piti\u00e9 envers les pauvres et parfois multipliait les pains pour les nourrir. Il dirige aussi l&rsquo;\u00c9glise de Tarbes pendant l&rsquo;absence de Fauste et, dans un village, pr\u00e8s de Vic-de-Bigorre, qui porte son nom, il fonda une \u00e9glise abbatiale qui devait devenir prieur\u00e9 sous l&rsquo;ob\u00e9dience des moines de L\u00e9zat. Pendant quarante ans, il remplit \u00e0 merveille son minist\u00e8re \u00e9piscopal. Il mourut dans la cit\u00e9 du Couserans le 7\u00e8me des calendes de septembre. L&rsquo;\u00c9glise et la ville le choisirent comme saint patron, tant ses m\u00e9rites furent \u00e9clatants pendant et apr\u00e8s sa vie.\u00a0\u00bb (saints du dioc\u00e8se de Pamiers)<br \/>\n\u00c0 Couserans dans les Pyr\u00e9n\u00e9es, vers 450, saint Lizier, \u00e9v\u00eaque. N\u00e9 en Espagne et disciple de saint Fauste de Riez, il prot\u00e9gea, par ses pri\u00e8res, la cit\u00e9 de la destruction par les Visigoths.<\/p>\n<h6><strong>F\u00eate : 27\u00a0 ao\u00fbt<\/strong><\/h6>\n<p style=\"text-align: right;\"><em>Source : Martyrologe romain &#8211; Nominis<\/em><\/p>\n<p style=\"text-align: center;\"><img decoding=\"async\" class=\"aligncenter\" src=\"https:\/\/nominis.cef.fr\/images\/gallerie\/lizierdiocesetarbes.jpg\" alt=\"saint Lizier, dioc\u00e8se de Tarbes et Lourdes\" \/><\/p>\n<p>&nbsp;<\/p>\n","protected":false},"excerpt":{"rendered":"<p>426 habitants (2023) On sait depuis 1850 (travaux MM Roch, Rosapelly et de Cardailhac) qu&rsquo;\u00e0 l&rsquo;\u00e9poque gallo-romaine, un oppidum (agglom\u00e9ration fortifi\u00e9e) du nom de Castrum Bigorra occupait le site. Il&#8230;<\/p>\n<p> <a class=\"continue-reading-link\" href=\"https:\/\/paroisses-vic-bigorre.fr\/?page_id=1053\"><span>LIRE LA SUITE<\/span><i class=\"crycon-right-dir\"><\/i><\/a> <\/p>\n","protected":false},"author":2,"featured_media":0,"parent":0,"menu_order":0,"comment_status":"closed","ping_status":"closed","template":"","meta":{"footnotes":""},"class_list":["post-1053","page","type-page","status-publish","hentry"],"jetpack_sharing_enabled":true,"_links":{"self":[{"href":"https:\/\/paroisses-vic-bigorre.fr\/index.php?rest_route=\/wp\/v2\/pages\/1053","targetHints":{"allow":["GET"]}}],"collection":[{"href":"https:\/\/paroisses-vic-bigorre.fr\/index.php?rest_route=\/wp\/v2\/pages"}],"about":[{"href":"https:\/\/paroisses-vic-bigorre.fr\/index.php?rest_route=\/wp\/v2\/types\/page"}],"author":[{"embeddable":true,"href":"https:\/\/paroisses-vic-bigorre.fr\/index.php?rest_route=\/wp\/v2\/users\/2"}],"replies":[{"embeddable":true,"href":"https:\/\/paroisses-vic-bigorre.fr\/index.php?rest_route=%2Fwp%2Fv2%2Fcomments&post=1053"}],"version-history":[{"count":3,"href":"https:\/\/paroisses-vic-bigorre.fr\/index.php?rest_route=\/wp\/v2\/pages\/1053\/revisions"}],"predecessor-version":[{"id":16262,"href":"https:\/\/paroisses-vic-bigorre.fr\/index.php?rest_route=\/wp\/v2\/pages\/1053\/revisions\/16262"}],"wp:attachment":[{"href":"https:\/\/paroisses-vic-bigorre.fr\/index.php?rest_route=%2Fwp%2Fv2%2Fmedia&parent=1053"}],"curies":[{"name":"wp","href":"https:\/\/api.w.org\/{rel}","templated":true}]}}