{"id":1034,"date":"2019-11-26T16:46:55","date_gmt":"2019-11-26T15:46:55","guid":{"rendered":"http:\/\/paroisses-vic-bigorre.com\/?page_id=1034"},"modified":"2026-01-13T11:57:16","modified_gmt":"2026-01-13T10:57:16","slug":"1034-2","status":"publish","type":"page","link":"https:\/\/paroisses-vic-bigorre.fr\/?page_id=1034","title":{"rendered":"Siarrouy : \u00e9glise St-Martin"},"content":{"rendered":"<p><img loading=\"lazy\" decoding=\"async\" class=\"aligncenter\" title=\"https:\/\/fr.wikipedia.org\/wiki\/Siarrouy#\/media\/Fichier:Blason_ville_fr_Siarrouy_(65).svg\" src=\"https:\/\/upload.wikimedia.org\/wikipedia\/commons\/thumb\/9\/94\/Blason_ville_fr_Siarrouy_%2865%29.svg\/545px-Blason_ville_fr_Siarrouy_%2865%29.svg.png\" alt=\"Fichier:Blason ville fr Siarrouy (65).svg\" width=\"124\" height=\"137\" \/><\/p>\n<h4 style=\"text-align: center;\"><span style=\"color: #ff6600;\">La\u00a0\u00a0commune<\/span><\/h4>\n<p style=\"text-align: right;\"><em>453 habitants (2023)<\/em><\/p>\n<p style=\"text-align: justify;\">La commune de Siarrouy \u00e9tait occup\u00e9e semble-t-il bien avant l&rsquo;Antiquit\u00e9, comme l&rsquo;atteste une hache en pierre retrouv\u00e9e en 1965. Le village lui m\u00eame est connu depuis le XIV\u00e8 si\u00e8cle. Il \u00e9tait fortifi\u00e9 et son r\u00e9seau de chemins actuels \u00e9tait au moins partiellement en service. il ne subsiste aujourd&rsquo;hui que des traces des fortifications, mise \u00e0 part le site du ch\u00e2teau qui surplombe le village actuel.<\/p>\n<h4 style=\"text-align: center;\"><span style=\"color: #ff6600;\">L&rsquo;\u00e9glise Saint-Martin<\/span><\/h4>\n<p><img loading=\"lazy\" decoding=\"async\" class=\"alignnone size-medium wp-image-13962 aligncenter\" src=\"https:\/\/paroisses-vic-bigorre.fr\/wp-content\/uploads\/2024\/06\/Siarrouy-300x201.jpg\" alt=\"\" width=\"300\" height=\"201\" srcset=\"https:\/\/paroisses-vic-bigorre.fr\/wp-content\/uploads\/2024\/06\/Siarrouy-300x201.jpg 300w, https:\/\/paroisses-vic-bigorre.fr\/wp-content\/uploads\/2024\/06\/Siarrouy-150x101.jpg 150w, https:\/\/paroisses-vic-bigorre.fr\/wp-content\/uploads\/2024\/06\/Siarrouy.jpg 417w\" sizes=\"auto, (max-width: 300px) 100vw, 300px\" \/><\/p>\n<p>L&rsquo;\u00e9glise, d\u00e9di\u00e9e \u00e0 Saint-Martin est reconstruite en hauteur, \u00e0 l&#8217;emplacement initial de l&rsquo;\u00e9glise m\u00e9di\u00e9vale, naturellement fortifi\u00e9e par sa localisation. Elle date du XIX\u00e8me si\u00e8cle.<\/p>\n<h4 style=\"text-align: center;\"><strong><span style=\"color: #ff6600;\">Saint-Martin<\/span><\/strong><\/h4>\n<p style=\"text-align: justify;\">Les \u00c9glises d&rsquo;Orient l&rsquo;appellent aussi \u00ab\u00a0saint Martin le Mis\u00e9ricordieux\u00a0\u00bb. Il est n\u00e9 en Pannonie, l&rsquo;actuelle Hongrie, sur les fronti\u00e8res de l&#8217;empire romain o\u00f9 son p\u00e8re \u00e9tait en garnison. A 15 ans, il est soldat car la loi romaine obligeait les fils de soldats \u00e0 s&rsquo;enr\u00f4ler dans l&rsquo;arm\u00e9e. Il est mut\u00e9 en Gaule et c&rsquo;est l\u00e0, qu&rsquo;\u00e0 Amiens, il rencontre le pauvre grelottant \u00e0 qui il donne son manteau\u00a0 et dont il apprend durant la nuit que c&rsquo;est le Christ qui lui a fait cette demande. Il h\u00e9sitait \u00e0 devenir chr\u00e9tien, il s&rsquo;y d\u00e9cide enfin. Il quitte l&rsquo;arm\u00e9e pour rejoindre saint Hilaire \u00e0 Poitiers. Avec lui, il fonde le premier monast\u00e8re des Gaules, \u00e0 Ligug\u00e9, en Poitou. C&rsquo;est l\u00e0 qu&rsquo;il sera enlev\u00e9 par les habitants de Tours qui en font leur \u00e9v\u00eaque. Mais l&rsquo;ancien soldat devenu chr\u00e9tien ne s&rsquo;enfermera pas dans sa cit\u00e9. Il \u00e9vang\u00e9lisera parcourant les campagnes jusqu&rsquo;\u00e0 sa mort, \u00e0 Candes, sur les bords de Loire, disant: \u00ab\u00a0Seigneur, s&rsquo;il le faut, garde-moi en vie, car je ne refuse pas le labeur.<\/p>\n<p style=\"text-align: right;\"><em>Source : Martyrologe romain &#8211;\u00a0 Nominis<\/em><\/p>\n<h5 style=\"text-align: center;\"><a href=\"http:\/\/diocesedetours.catholique.fr\/le-diocese\/son-histoire\/saint-martin-de-tours\/\" target=\"_blank\" rel=\"noopener noreferrer\"><span style=\"color: #0000ff;\">En savoir plus sur Saint-Martin de Tours<\/span><\/a><\/h5>\n","protected":false},"excerpt":{"rendered":"<p>La\u00a0\u00a0commune 453 habitants (2023) La commune de Siarrouy \u00e9tait occup\u00e9e semble-t-il bien avant l&rsquo;Antiquit\u00e9, comme l&rsquo;atteste une hache en pierre retrouv\u00e9e en 1965. Le village lui m\u00eame est connu depuis&#8230;<\/p>\n<p> <a class=\"continue-reading-link\" href=\"https:\/\/paroisses-vic-bigorre.fr\/?page_id=1034\"><span>LIRE LA SUITE<\/span><i class=\"crycon-right-dir\"><\/i><\/a> <\/p>\n","protected":false},"author":2,"featured_media":0,"parent":0,"menu_order":0,"comment_status":"closed","ping_status":"closed","template":"","meta":{"footnotes":""},"class_list":["post-1034","page","type-page","status-publish","hentry"],"jetpack_sharing_enabled":true,"_links":{"self":[{"href":"https:\/\/paroisses-vic-bigorre.fr\/index.php?rest_route=\/wp\/v2\/pages\/1034","targetHints":{"allow":["GET"]}}],"collection":[{"href":"https:\/\/paroisses-vic-bigorre.fr\/index.php?rest_route=\/wp\/v2\/pages"}],"about":[{"href":"https:\/\/paroisses-vic-bigorre.fr\/index.php?rest_route=\/wp\/v2\/types\/page"}],"author":[{"embeddable":true,"href":"https:\/\/paroisses-vic-bigorre.fr\/index.php?rest_route=\/wp\/v2\/users\/2"}],"replies":[{"embeddable":true,"href":"https:\/\/paroisses-vic-bigorre.fr\/index.php?rest_route=%2Fwp%2Fv2%2Fcomments&post=1034"}],"version-history":[{"count":3,"href":"https:\/\/paroisses-vic-bigorre.fr\/index.php?rest_route=\/wp\/v2\/pages\/1034\/revisions"}],"predecessor-version":[{"id":16260,"href":"https:\/\/paroisses-vic-bigorre.fr\/index.php?rest_route=\/wp\/v2\/pages\/1034\/revisions\/16260"}],"wp:attachment":[{"href":"https:\/\/paroisses-vic-bigorre.fr\/index.php?rest_route=%2Fwp%2Fv2%2Fmedia&parent=1034"}],"curies":[{"name":"wp","href":"https:\/\/api.w.org\/{rel}","templated":true}]}}